{"id":793,"date":"2024-06-29T08:40:50","date_gmt":"2024-06-29T08:40:50","guid":{"rendered":"http:\/\/solar-tracker.pl\/homepage\/"},"modified":"2024-11-19T11:57:15","modified_gmt":"2024-11-19T11:57:15","slug":"homepage","status":"publish","type":"page","link":"https:\/\/solar-tracker.pl\/nl\/","title":{"rendered":"Homepage"},"content":{"rendered":"","protected":false},"excerpt":{"rendered":"","protected":false},"author":1,"featured_media":0,"parent":0,"menu_order":0,"comment_status":"closed","ping_status":"closed","template":"template-pages\/home.php","meta":{"_acf_changed":false,"footnotes":""},"class_list":["post-793","page","type-page","status-publish","hentry"],"acf":[],"yoast_head":"<!-- This site is optimized with the Yoast SEO plugin v23.8 - https:\/\/yoast.com\/wordpress\/plugins\/seo\/ -->\n<title>Homepage - Solar Tracker<\/title>\n<meta name=\"description\" content=\"Je\u017celi wybra\u0142e\u015b do \u017cycia lub wypoczynku miejsce urocze,ale bez pod\u0142\u0105czenia do sieci energetycznej, \u2028Solar Tracker to rozwi\u0105zanie Ciebie\" \/>\n<meta name=\"robots\" content=\"index, follow, max-snippet:-1, max-image-preview:large, max-video-preview:-1\" \/>\n<link rel=\"canonical\" href=\"https:\/\/solar-tracker.pl\/\" \/>\n<meta property=\"og:locale\" content=\"nl_NL\" \/>\n<meta property=\"og:type\" content=\"article\" \/>\n<meta property=\"og:title\" content=\"Homepage - Solar Tracker\" \/>\n<meta property=\"og:description\" content=\"Je\u017celi wybra\u0142e\u015b do \u017cycia lub wypoczynku miejsce urocze,ale bez pod\u0142\u0105czenia do sieci energetycznej, \u2028Solar Tracker to rozwi\u0105zanie Ciebie\" \/>\n<meta property=\"og:url\" content=\"https:\/\/solar-tracker.pl\/\" \/>\n<meta property=\"og:site_name\" content=\"Solar Tracker\" \/>\n<meta property=\"article:publisher\" content=\"https:\/\/www.facebook.com\/solatracker\" \/>\n<meta property=\"article:modified_time\" content=\"2024-11-19T11:57:15+00:00\" \/>\n<meta name=\"twitter:card\" content=\"summary_large_image\" \/>\n<script type=\"application\/ld+json\" class=\"yoast-schema-graph\">{\"@context\":\"https:\/\/schema.org\",\"@graph\":[{\"@type\":\"WebPage\",\"@id\":\"https:\/\/solar-tracker.pl\/\",\"url\":\"https:\/\/solar-tracker.pl\/\",\"name\":\"Homepage - Solar Tracker\",\"isPartOf\":{\"@id\":\"https:\/\/solar-tracker.pl\/#website\"},\"datePublished\":\"2024-06-29T08:40:50+00:00\",\"dateModified\":\"2024-11-19T11:57:15+00:00\",\"description\":\"Je\u017celi wybra\u0142e\u015b do \u017cycia lub wypoczynku miejsce urocze,ale bez pod\u0142\u0105czenia do sieci energetycznej, \\u2028Solar Tracker to rozwi\u0105zanie Ciebie\",\"breadcrumb\":{\"@id\":\"https:\/\/solar-tracker.pl\/#breadcrumb\"},\"inLanguage\":\"nl-NL\",\"potentialAction\":[{\"@type\":\"ReadAction\",\"target\":[\"https:\/\/solar-tracker.pl\/\"]}]},{\"@type\":\"BreadcrumbList\",\"@id\":\"https:\/\/solar-tracker.pl\/#breadcrumb\",\"itemListElement\":[{\"@type\":\"ListItem\",\"position\":1,\"name\":\"Home\",\"item\":\"https:\/\/solar-tracker.pl\/\"},{\"@type\":\"ListItem\",\"position\":2,\"name\":\"Homepage\"}]},{\"@type\":\"WebSite\",\"@id\":\"https:\/\/solar-tracker.pl\/#website\",\"url\":\"https:\/\/solar-tracker.pl\/\",\"name\":\"Solar Tracker\",\"description\":\"PANELE SOLARNE DLA TWOJEGO DOMU\",\"publisher\":{\"@id\":\"https:\/\/solar-tracker.pl\/#organization\"},\"potentialAction\":[{\"@type\":\"SearchAction\",\"target\":{\"@type\":\"EntryPoint\",\"urlTemplate\":\"https:\/\/solar-tracker.pl\/?s={search_term_string}\"},\"query-input\":{\"@type\":\"PropertyValueSpecification\",\"valueRequired\":true,\"valueName\":\"search_term_string\"}}],\"inLanguage\":\"nl-NL\"},{\"@type\":\"Organization\",\"@id\":\"https:\/\/solar-tracker.pl\/#organization\",\"name\":\"Solar Tracker\",\"url\":\"https:\/\/solar-tracker.pl\/\",\"logo\":{\"@type\":\"ImageObject\",\"inLanguage\":\"nl-NL\",\"@id\":\"https:\/\/solar-tracker.pl\/#\/schema\/logo\/image\/\",\"url\":\"https:\/\/solar-tracker.pl\/wp-content\/uploads\/2024\/08\/main-logo.svg\",\"contentUrl\":\"https:\/\/solar-tracker.pl\/wp-content\/uploads\/2024\/08\/main-logo.svg\",\"width\":1,\"height\":1,\"caption\":\"Solar Tracker\"},\"image\":{\"@id\":\"https:\/\/solar-tracker.pl\/#\/schema\/logo\/image\/\"},\"sameAs\":[\"https:\/\/www.facebook.com\/solatracker\"]}]}<\/script>\n<!-- \/ Yoast SEO plugin. -->","yoast_head_json":{"title":"Homepage - Solar Tracker","description":"Je\u017celi wybra\u0142e\u015b do \u017cycia lub wypoczynku miejsce urocze,ale bez pod\u0142\u0105czenia do sieci energetycznej, \u2028Solar Tracker to rozwi\u0105zanie Ciebie","robots":{"index":"index","follow":"follow","max-snippet":"max-snippet:-1","max-image-preview":"max-image-preview:large","max-video-preview":"max-video-preview:-1"},"canonical":"https:\/\/solar-tracker.pl\/","og_locale":"nl_NL","og_type":"article","og_title":"Homepage - Solar Tracker","og_description":"Je\u017celi wybra\u0142e\u015b do \u017cycia lub wypoczynku miejsce urocze,ale bez pod\u0142\u0105czenia do sieci energetycznej, \u2028Solar Tracker to rozwi\u0105zanie Ciebie","og_url":"https:\/\/solar-tracker.pl\/","og_site_name":"Solar Tracker","article_publisher":"https:\/\/www.facebook.com\/solatracker","article_modified_time":"2024-11-19T11:57:15+00:00","twitter_card":"summary_large_image","schema":{"@context":"https:\/\/schema.org","@graph":[{"@type":"WebPage","@id":"https:\/\/solar-tracker.pl\/","url":"https:\/\/solar-tracker.pl\/","name":"Homepage - Solar Tracker","isPartOf":{"@id":"https:\/\/solar-tracker.pl\/#website"},"datePublished":"2024-06-29T08:40:50+00:00","dateModified":"2024-11-19T11:57:15+00:00","description":"Je\u017celi wybra\u0142e\u015b do \u017cycia lub wypoczynku miejsce urocze,ale bez pod\u0142\u0105czenia do sieci energetycznej, \u2028Solar Tracker to rozwi\u0105zanie Ciebie","breadcrumb":{"@id":"https:\/\/solar-tracker.pl\/#breadcrumb"},"inLanguage":"nl-NL","potentialAction":[{"@type":"ReadAction","target":["https:\/\/solar-tracker.pl\/"]}]},{"@type":"BreadcrumbList","@id":"https:\/\/solar-tracker.pl\/#breadcrumb","itemListElement":[{"@type":"ListItem","position":1,"name":"Home","item":"https:\/\/solar-tracker.pl\/"},{"@type":"ListItem","position":2,"name":"Homepage"}]},{"@type":"WebSite","@id":"https:\/\/solar-tracker.pl\/#website","url":"https:\/\/solar-tracker.pl\/","name":"Solar Tracker","description":"PANELE SOLARNE DLA TWOJEGO DOMU","publisher":{"@id":"https:\/\/solar-tracker.pl\/#organization"},"potentialAction":[{"@type":"SearchAction","target":{"@type":"EntryPoint","urlTemplate":"https:\/\/solar-tracker.pl\/?s={search_term_string}"},"query-input":{"@type":"PropertyValueSpecification","valueRequired":true,"valueName":"search_term_string"}}],"inLanguage":"nl-NL"},{"@type":"Organization","@id":"https:\/\/solar-tracker.pl\/#organization","name":"Solar Tracker","url":"https:\/\/solar-tracker.pl\/","logo":{"@type":"ImageObject","inLanguage":"nl-NL","@id":"https:\/\/solar-tracker.pl\/#\/schema\/logo\/image\/","url":"https:\/\/solar-tracker.pl\/wp-content\/uploads\/2024\/08\/main-logo.svg","contentUrl":"https:\/\/solar-tracker.pl\/wp-content\/uploads\/2024\/08\/main-logo.svg","width":1,"height":1,"caption":"Solar Tracker"},"image":{"@id":"https:\/\/solar-tracker.pl\/#\/schema\/logo\/image\/"},"sameAs":["https:\/\/www.facebook.com\/solatracker"]}]}},"_links":{"self":[{"href":"https:\/\/solar-tracker.pl\/nl\/wp-json\/wp\/v2\/pages\/793","targetHints":{"allow":["GET"]}}],"collection":[{"href":"https:\/\/solar-tracker.pl\/nl\/wp-json\/wp\/v2\/pages"}],"about":[{"href":"https:\/\/solar-tracker.pl\/nl\/wp-json\/wp\/v2\/types\/page"}],"author":[{"embeddable":true,"href":"https:\/\/solar-tracker.pl\/nl\/wp-json\/wp\/v2\/users\/1"}],"replies":[{"embeddable":true,"href":"https:\/\/solar-tracker.pl\/nl\/wp-json\/wp\/v2\/comments?post=793"}],"version-history":[{"count":3,"href":"https:\/\/solar-tracker.pl\/nl\/wp-json\/wp\/v2\/pages\/793\/revisions"}],"predecessor-version":[{"id":831,"href":"https:\/\/solar-tracker.pl\/nl\/wp-json\/wp\/v2\/pages\/793\/revisions\/831"}],"wp:attachment":[{"href":"https:\/\/solar-tracker.pl\/nl\/wp-json\/wp\/v2\/media?parent=793"}],"curies":[{"name":"wp","href":"https:\/\/api.w.org\/{rel}","templated":true}]}}